{"id":2091,"date":"2025-07-09T12:27:35","date_gmt":"2025-07-09T10:27:35","guid":{"rendered":"https:\/\/nsvdesign.co.mz\/nsvdesign\/?post_type=product&#038;p=2091"},"modified":"2025-07-10T13:08:57","modified_gmt":"2025-07-10T11:08:57","slug":"renew-logo","status":"publish","type":"product","link":"https:\/\/nsvdesign.co.mz\/nsvdesign\/product\/renew-logo\/","title":{"rendered":"Renew Logo"},"content":{"rendered":"<p>O produto de logotipo inclui:<\/p>\n<ul>\n<li>CMYK<\/li>\n<li>Arquivos vetoriais edit\u00e1veis e redimension\u00e1veis<\/li>\n<li>Texto e cor edit\u00e1veis<\/li>\n<li>77 varia\u00e7\u00f5es de cor inclu\u00eddas<\/li>\n<li>AI, PSD e EPS inclu\u00eddos (Illustrator 10 EPS) 300 PPI<\/li>\n<li>Pronto para imprimir<\/li>\n<li>Informa\u00e7\u00f5es da fonte no arquivo de Ajuda<\/li>\n<\/ul>\n<p>(O modelo de visualiza\u00e7\u00e3o n\u00e3o est\u00e1 inclu\u00eddo no arquivo de download. \u00c9 apenas para fins de apresenta\u00e7\u00e3o.)<\/p>\n","protected":false},"excerpt":{"rendered":"<p>Um logotipo moderno e simples ideal para empresas relacionadas com energias renovaveis, reciclagem e automatiza\u00e7\u00e3o . 100% arte vectorial o que significa que pode ser. Todos os itens est\u00e3o prontos para impress\u00e3o e s\u00e3o super personaliz\u00e1veis.<\/p>\n<p>NOTA IMPORTANTE:<br \/>\nAs imagens de Mockup n\u00e3o est\u00e3o inclu\u00eddas no produto final.<\/p>\n","protected":false},"featured_media":2098,"comment_status":"open","ping_status":"closed","template":"","meta":{"_joinchat":[]},"product_brand":[],"product_cat":[107,92,110,97],"product_tag":[58,56],"class_list":{"0":"post-2091","1":"product","2":"type-product","3":"status-publish","4":"has-post-thumbnail","6":"product_cat-branding","7":"product_cat-logotipo","8":"product_cat-plantas","9":"product_cat-simbolos","10":"product_tag-desenho-grafico","11":"product_tag-logo","12":"tm-has-options","14":"first","15":"instock","16":"sale","17":"downloadable","18":"virtual","19":"sold-individually","20":"taxable","21":"purchasable","22":"product-type-simple"},"_links":{"self":[{"href":"https:\/\/nsvdesign.co.mz\/nsvdesign\/wp-json\/wp\/v2\/product\/2091","targetHints":{"allow":["GET"]}}],"collection":[{"href":"https:\/\/nsvdesign.co.mz\/nsvdesign\/wp-json\/wp\/v2\/product"}],"about":[{"href":"https:\/\/nsvdesign.co.mz\/nsvdesign\/wp-json\/wp\/v2\/types\/product"}],"replies":[{"embeddable":true,"href":"https:\/\/nsvdesign.co.mz\/nsvdesign\/wp-json\/wp\/v2\/comments?post=2091"}],"wp:featuredmedia":[{"embeddable":true,"href":"https:\/\/nsvdesign.co.mz\/nsvdesign\/wp-json\/wp\/v2\/media\/2098"}],"wp:attachment":[{"href":"https:\/\/nsvdesign.co.mz\/nsvdesign\/wp-json\/wp\/v2\/media?parent=2091"}],"wp:term":[{"taxonomy":"product_brand","embeddable":true,"href":"https:\/\/nsvdesign.co.mz\/nsvdesign\/wp-json\/wp\/v2\/product_brand?post=2091"},{"taxonomy":"product_cat","embeddable":true,"href":"https:\/\/nsvdesign.co.mz\/nsvdesign\/wp-json\/wp\/v2\/product_cat?post=2091"},{"taxonomy":"product_tag","embeddable":true,"href":"https:\/\/nsvdesign.co.mz\/nsvdesign\/wp-json\/wp\/v2\/product_tag?post=2091"}],"curies":[{"name":"wp","href":"https:\/\/api.w.org\/{rel}","templated":true}]}}