{"id":1971,"date":"2025-05-08T19:11:56","date_gmt":"2025-05-08T17:11:56","guid":{"rendered":"https:\/\/nsvdesign.co.mz\/nsvdesign\/?post_type=product&#038;p=1971"},"modified":"2025-07-10T13:09:09","modified_gmt":"2025-07-10T11:09:09","slug":"yoga-estacionario","status":"publish","type":"product","link":"https:\/\/nsvdesign.co.mz\/nsvdesign\/product\/yoga-estacionario\/","title":{"rendered":"Yoga Estacion\u00e1rio"},"content":{"rendered":"<p>Arquivos inclu\u00eddos:<\/p>\n<ul>\n<li>6 Ai- Arquivo Adobe Illustrator. (Cart\u00e3o de visita, EnvelopeA4, Envelope DL Papel timbrado, Pasta de Documentos, Assinatura de Email.)<\/li>\n<li>6 EPS &#8211; Arquivos do EPS para importa\u00e7\u00e3o em diversos Programas. (Cart\u00e3o de visita, EnvelopeA4, Envelope DL Papel timbrado, Pasta de Documentos, Assinatura de Email.)<\/li>\n<li>6 PSD &#8211; Arquivos do PSD. (Cart\u00e3o de visita, EnvelopeA4, Envelope DL Papel timbrado, Pasta de Documentos, Assinatura de Email.)<\/li>\n<li>Arquivo de fonts e licen\u00e7a de uso<\/li>\n<li>Maquete n\u00e3o est\u00e1 inclu\u00edda<\/li>\n<\/ul>\n<p>NOTA:<\/p>\n<p>O logotipo n\u00e3o est\u00e1 inclu\u00eddo no modelo e poder\u00e1 ser comprado a parte.<br \/>\nAs imagens de Mockup n\u00e3o est\u00e3o inclu\u00eddas no modelo.<\/p>\n<p>N\u00e3o hesite em entrar em contact caso tenha alguma dificuldade em editar esses modelos.<\/p>\n","protected":false},"excerpt":{"rendered":"<p>Pacote estacion\u00e1rio de identidade corporativa \/ de marca &#8211; 6 itens de identidade. Este pacote de identidade de marca \u00e9 adequado para a identidade da sua empresa ou organiza\u00e7\u00e3o. Todos os itens est\u00e3o prontos para impress\u00e3o e edit\u00e1veis. Todos os itens est\u00e3o prontos para impress\u00e3o e s\u00e3o super personaliz\u00e1veis.<\/p>\n<p>O pacote de identidade corporativa inclui:<\/p>\n<ul>\n<li>Cart\u00e3o de visita<\/li>\n<li>Envelopes Dl e A4<\/li>\n<li>Papel timbrado<\/li>\n<li>Pasta de apresenta\u00e7\u00e3o<\/li>\n<li>Pasta de CD<\/li>\n<\/ul>\n<h4>Nota importante:<\/h4>\n<p>O logotipo n\u00e3o est\u00e1 inclu\u00eddo no modelo e poder\u00e1 ser comprado a parte.<\/p>\n<p>As imagens de Mockup n\u00e3o est\u00e3o inclu\u00eddas no modelo.<\/p>\n","protected":false},"featured_media":1976,"comment_status":"open","ping_status":"closed","template":"","meta":{"_joinchat":[]},"product_brand":[],"product_cat":[107,54],"product_tag":[93,58],"class_list":{"0":"post-1971","1":"product","2":"type-product","3":"status-publish","4":"has-post-thumbnail","6":"product_cat-branding","7":"product_cat-estacionario","8":"product_tag-cartao-de-visita","9":"product_tag-desenho-grafico","10":"tm-has-options","12":"first","13":"instock","14":"sale","15":"downloadable","16":"virtual","17":"sold-individually","18":"taxable","19":"purchasable","20":"product-type-simple"},"_links":{"self":[{"href":"https:\/\/nsvdesign.co.mz\/nsvdesign\/wp-json\/wp\/v2\/product\/1971","targetHints":{"allow":["GET"]}}],"collection":[{"href":"https:\/\/nsvdesign.co.mz\/nsvdesign\/wp-json\/wp\/v2\/product"}],"about":[{"href":"https:\/\/nsvdesign.co.mz\/nsvdesign\/wp-json\/wp\/v2\/types\/product"}],"replies":[{"embeddable":true,"href":"https:\/\/nsvdesign.co.mz\/nsvdesign\/wp-json\/wp\/v2\/comments?post=1971"}],"wp:featuredmedia":[{"embeddable":true,"href":"https:\/\/nsvdesign.co.mz\/nsvdesign\/wp-json\/wp\/v2\/media\/1976"}],"wp:attachment":[{"href":"https:\/\/nsvdesign.co.mz\/nsvdesign\/wp-json\/wp\/v2\/media?parent=1971"}],"wp:term":[{"taxonomy":"product_brand","embeddable":true,"href":"https:\/\/nsvdesign.co.mz\/nsvdesign\/wp-json\/wp\/v2\/product_brand?post=1971"},{"taxonomy":"product_cat","embeddable":true,"href":"https:\/\/nsvdesign.co.mz\/nsvdesign\/wp-json\/wp\/v2\/product_cat?post=1971"},{"taxonomy":"product_tag","embeddable":true,"href":"https:\/\/nsvdesign.co.mz\/nsvdesign\/wp-json\/wp\/v2\/product_tag?post=1971"}],"curies":[{"name":"wp","href":"https:\/\/api.w.org\/{rel}","templated":true}]}}