{"id":1381,"date":"2020-06-17T01:09:57","date_gmt":"2020-06-16T23:09:57","guid":{"rendered":"https:\/\/nsvdesign.co.mz\/nsvdesign\/?post_type=product&#038;p=1381"},"modified":"2025-07-10T13:16:27","modified_gmt":"2025-07-10T11:16:27","slug":"boleira-logo","status":"publish","type":"product","link":"https:\/\/nsvdesign.co.mz\/nsvdesign\/product\/boleira-logo\/","title":{"rendered":"Boleira Logo"},"content":{"rendered":"<p>Um logotipo moderno e simples<\/p>\n<ul>\n<li>CMYK<\/li>\n<li>Arquivos vetoriais edit\u00e1veis e redimension\u00e1veis<\/li>\n<li>Texto e cor edit\u00e1veis<\/li>\n<li>6 varia\u00e7\u00f5es de cor inclu\u00eddas<\/li>\n<li>JPEG, AI, e EPS inclu\u00eddos (Illustrator e EPS vers\u00e3o CS6 m\u00ednimo) 300 PPI<\/li>\n<li>Pronto para imprimir<\/li>\n<li>Informa\u00e7\u00f5es da fonte no arquivo de Ajuda<\/li>\n<\/ul>\n<p>(O modelo de visualiza\u00e7\u00e3o n\u00e3o est\u00e1 inclu\u00eddo no arquivo de download. \u00c9 apenas para fins de apresenta\u00e7\u00e3o.)<\/p>\n","protected":false},"excerpt":{"rendered":"<p>O logotipo \u00e9 um signo de identifica\u00e7\u00e3o. \u00c9 atrav\u00e9s dele que o p\u00fablico vai identificar o seu produto e\/ou servi\u00e7o em meio a tantos outros.<\/p>\n","protected":false},"featured_media":1382,"comment_status":"open","ping_status":"closed","template":"","meta":{"_joinchat":[]},"product_brand":[],"product_cat":[107,92,97],"product_tag":[58,56,96],"class_list":{"0":"post-1381","1":"product","2":"type-product","3":"status-publish","4":"has-post-thumbnail","6":"product_cat-branding","7":"product_cat-logotipo","8":"product_cat-simbolos","9":"product_tag-desenho-grafico","10":"product_tag-logo","11":"product_tag-simbolos","12":"tm-has-options","14":"first","15":"instock","16":"sale","17":"downloadable","18":"virtual","19":"sold-individually","20":"taxable","21":"purchasable","22":"product-type-simple"},"_links":{"self":[{"href":"https:\/\/nsvdesign.co.mz\/nsvdesign\/wp-json\/wp\/v2\/product\/1381","targetHints":{"allow":["GET"]}}],"collection":[{"href":"https:\/\/nsvdesign.co.mz\/nsvdesign\/wp-json\/wp\/v2\/product"}],"about":[{"href":"https:\/\/nsvdesign.co.mz\/nsvdesign\/wp-json\/wp\/v2\/types\/product"}],"replies":[{"embeddable":true,"href":"https:\/\/nsvdesign.co.mz\/nsvdesign\/wp-json\/wp\/v2\/comments?post=1381"}],"wp:featuredmedia":[{"embeddable":true,"href":"https:\/\/nsvdesign.co.mz\/nsvdesign\/wp-json\/wp\/v2\/media\/1382"}],"wp:attachment":[{"href":"https:\/\/nsvdesign.co.mz\/nsvdesign\/wp-json\/wp\/v2\/media?parent=1381"}],"wp:term":[{"taxonomy":"product_brand","embeddable":true,"href":"https:\/\/nsvdesign.co.mz\/nsvdesign\/wp-json\/wp\/v2\/product_brand?post=1381"},{"taxonomy":"product_cat","embeddable":true,"href":"https:\/\/nsvdesign.co.mz\/nsvdesign\/wp-json\/wp\/v2\/product_cat?post=1381"},{"taxonomy":"product_tag","embeddable":true,"href":"https:\/\/nsvdesign.co.mz\/nsvdesign\/wp-json\/wp\/v2\/product_tag?post=1381"}],"curies":[{"name":"wp","href":"https:\/\/api.w.org\/{rel}","templated":true}]}}