{"id":1253,"date":"2020-03-07T01:18:22","date_gmt":"2020-03-06T23:18:22","guid":{"rendered":"https:\/\/nsvdesign.co.mz\/nsvdesign\/?post_type=product&#038;p=1253"},"modified":"2025-07-10T13:20:35","modified_gmt":"2025-07-10T11:20:35","slug":"dancei-cartao-de-visita","status":"publish","type":"product","link":"https:\/\/nsvdesign.co.mz\/nsvdesign\/product\/dancei-cartao-de-visita\/","title":{"rendered":"Dancei Cart\u00e3o de Visita"},"content":{"rendered":"<p>Um Cart\u00e3o de Visita moderno e simples a combinar com o logo Dancei<\/p>\n<ul>\n<li>CMYK<\/li>\n<li>Arquivos vetoriais edit\u00e1veis e redimension\u00e1veis<\/li>\n<li>Texto e cor edit\u00e1veis<\/li>\n<li>Cart\u00e3o de visita nos tamanhos: 89x51cm e 91x55cm com 3mm de bleed<\/li>\n<li>JPEG para previsualiza\u00e7\u00e3o, AI, e EPS inclu\u00eddos (Illustrator 10 EPS) 300 PPI para impress\u00e3o<\/li>\n<li>Pronto para imprimir<\/li>\n<li>Informa\u00e7\u00f5es da fonte no arquivo de Ajuda<\/li>\n<\/ul>\n<p>NOTA:<\/p>\n<ul>\n<li>Logotipo e modelo de visualiza\u00e7\u00e3o n\u00e3o est\u00e3o inclu\u00eddo no arquivo de download. S\u00e3o apenas para fins de apresenta\u00e7\u00e3o.<\/li>\n<li>QRCode somente para visualiza\u00e7\u00e3o. Poder\u00e1 adquirir o seu proprio <a href=\"http:\/\/goqr.me\/#t=vcard\">aqui<\/a><\/li>\n<\/ul>\n<p>N\u00e3o hesite em entrar em contact caso tenha alguma dificuldade em editar esses modelos.<\/p>\n<p class=\"product woocommerce add_to_cart_inline \" style=\"border:4px solid #ccc; padding: 12px;\"><del aria-hidden=\"true\"><span class=\"woocommerce-Price-amount amount\"><bdi>8,642.00&nbsp;<span class=\"woocommerce-Price-currencySymbol\">MT<\/span><\/bdi><\/span><\/del> <span class=\"screen-reader-text\">O pre\u00e7o original era: 8,642.00&nbsp;MT.<\/span><ins aria-hidden=\"true\"><span class=\"woocommerce-Price-amount amount\"><bdi>4,321.00&nbsp;<span class=\"woocommerce-Price-currencySymbol\">MT<\/span><\/bdi><\/span><\/ins><span class=\"screen-reader-text\">O pre\u00e7o atual \u00e9: 4,321.00&nbsp;MT.<\/span> <small class=\"woocommerce-price-suffix\">IVA inclu\u00eddo<\/small> <small><\/small><a href=\"\/nsvdesign\/wp-json\/wp\/v2\/product\/1253?add-to-cart=1212\" aria-describedby=\"woocommerce_loop_add_to_cart_link_describedby_1212\" data-quantity=\"1\" class=\"button product_type_simple add_to_cart_button ajax_add_to_cart\" data-product_id=\"1212\" data-product_sku=\"CI00004\" aria-label=\"Adiciona ao carrinho: &ldquo;Dancei Logo&rdquo;\" rel=\"nofollow\" data-success_message=\"&ldquo;Dancei Logo&rdquo; foi adicionado ao seu carrinho\" role=\"button\">Comprar<\/a>\t<span id=\"woocommerce_loop_add_to_cart_link_describedby_1212\" class=\"screen-reader-text\">\n\t\t\t<\/span>\n<\/p>\n","protected":false},"excerpt":{"rendered":"<p><strong>Cart\u00e3o de Visita<\/strong>\u00a0\u00e9 uma pe\u00e7a fundamental para a\u00e7\u00f5es de networking. Sempre que participamos de um evento, trocamos\u00a0<strong>Cart\u00f5es de Visita<\/strong>\u00a0e, mesmo que estejamos vivendo na era digital, um\u00a0<strong>Cart\u00e3o de Visitas Criativo<\/strong>, bem impresso, com as informa\u00e7\u00f5es certas e assertivas, causa uma boa impress\u00e3o naqueles com quem compartilhamos.<\/p>\n<p>&nbsp;<\/p>\n<p><strong>Nota<\/strong><br \/>\nLogotipo n\u00e3o est\u00e1 inclu\u00eddo e dever\u00e1 ser comprado a parte.<\/p>\n","protected":false},"featured_media":1259,"comment_status":"open","ping_status":"closed","template":"","meta":{"_joinchat":[]},"product_brand":[],"product_cat":[107,54],"product_tag":[93,58],"class_list":{"0":"post-1253","1":"product","2":"type-product","3":"status-publish","4":"has-post-thumbnail","6":"product_cat-branding","7":"product_cat-estacionario","8":"product_tag-cartao-de-visita","9":"product_tag-desenho-grafico","10":"tm-has-options","12":"first","13":"instock","14":"sale","15":"downloadable","16":"virtual","17":"sold-individually","18":"taxable","19":"purchasable","20":"product-type-simple"},"_links":{"self":[{"href":"https:\/\/nsvdesign.co.mz\/nsvdesign\/wp-json\/wp\/v2\/product\/1253","targetHints":{"allow":["GET"]}}],"collection":[{"href":"https:\/\/nsvdesign.co.mz\/nsvdesign\/wp-json\/wp\/v2\/product"}],"about":[{"href":"https:\/\/nsvdesign.co.mz\/nsvdesign\/wp-json\/wp\/v2\/types\/product"}],"replies":[{"embeddable":true,"href":"https:\/\/nsvdesign.co.mz\/nsvdesign\/wp-json\/wp\/v2\/comments?post=1253"}],"wp:featuredmedia":[{"embeddable":true,"href":"https:\/\/nsvdesign.co.mz\/nsvdesign\/wp-json\/wp\/v2\/media\/1259"}],"wp:attachment":[{"href":"https:\/\/nsvdesign.co.mz\/nsvdesign\/wp-json\/wp\/v2\/media?parent=1253"}],"wp:term":[{"taxonomy":"product_brand","embeddable":true,"href":"https:\/\/nsvdesign.co.mz\/nsvdesign\/wp-json\/wp\/v2\/product_brand?post=1253"},{"taxonomy":"product_cat","embeddable":true,"href":"https:\/\/nsvdesign.co.mz\/nsvdesign\/wp-json\/wp\/v2\/product_cat?post=1253"},{"taxonomy":"product_tag","embeddable":true,"href":"https:\/\/nsvdesign.co.mz\/nsvdesign\/wp-json\/wp\/v2\/product_tag?post=1253"}],"curies":[{"name":"wp","href":"https:\/\/api.w.org\/{rel}","templated":true}]}}